{"id":8703,"date":"2021-02-15T15:28:29","date_gmt":"2021-02-15T14:28:29","guid":{"rendered":"https:\/\/www.slurps.be\/vegan-chef-menu-order\/"},"modified":"2023-10-05T09:53:21","modified_gmt":"2023-10-05T08:53:21","slug":"vegan-chef-menu-order","status":"publish","type":"page","link":"https:\/\/www.slurps.be\/en\/vegan-chef-menu-order\/","title":{"rendered":"Vegan chef menu order"},"content":{"rendered":"\t\t<div data-elementor-type=\"wp-page\" data-elementor-id=\"8703\" class=\"elementor elementor-8703 elementor-4671\">\n\t\t\t\t\t\t<section class=\"elementor-section elementor-top-section elementor-element elementor-element-85886cf elementor-section-boxed elementor-section-height-default elementor-section-height-default\" data-id=\"85886cf\" data-element_type=\"section\" data-e-type=\"section\">\n\t\t\t\t\t\t<div class=\"elementor-container elementor-column-gap-default\">\n\t\t\t\t\t<div class=\"elementor-column elementor-col-100 elementor-top-column elementor-element elementor-element-84b6028\" data-id=\"84b6028\" data-element_type=\"column\" data-e-type=\"column\">\n\t\t\t<div class=\"elementor-widget-wrap elementor-element-populated\">\n\t\t\t\t\t\t<div class=\"elementor-element elementor-element-7820446 elementor-widget elementor-widget-text-editor\" data-id=\"7820446\" data-element_type=\"widget\" data-e-type=\"widget\" data-widget_type=\"text-editor.default\">\n\t\t\t\t\t\t\t\t\t<p><img fetchpriority=\"high\" decoding=\"async\" class=\"aligncenter size-full wp-image-3556\" src=\"https:\/\/www.slurps.be\/wp-content\/uploads\/2020\/11\/fait-maison.jpg\" alt=\"\" width=\"1307\" height=\"389\" srcset=\"https:\/\/www.slurps.be\/wp-content\/uploads\/2020\/11\/fait-maison.jpg 1307w, https:\/\/www.slurps.be\/wp-content\/uploads\/2020\/11\/fait-maison-600x179.jpg 600w, https:\/\/www.slurps.be\/wp-content\/uploads\/2020\/11\/fait-maison-250x74.jpg 250w, https:\/\/www.slurps.be\/wp-content\/uploads\/2020\/11\/fait-maison-353x105.jpg 353w, https:\/\/www.slurps.be\/wp-content\/uploads\/2020\/11\/fait-maison-500x149.jpg 500w, https:\/\/www.slurps.be\/wp-content\/uploads\/2020\/11\/fait-maison-800x238.jpg 800w, https:\/\/www.slurps.be\/wp-content\/uploads\/2020\/11\/fait-maison-1280x381.jpg 1280w\" sizes=\"(max-width: 1307px) 100vw, 1307px\" \/><\/p>\n<\/p>\n<p><span style=\"text-decoration: underline;\"><span style=\"color: #779911;\"><strong><img decoding=\"async\" class=\"aligncenter size-full wp-image-2935\" src=\"https:\/\/www.slurps.be\/wp-content\/uploads\/2020\/01\/contacter-nous.jpg\" alt=\"\" width=\"255\" height=\"209\" srcset=\"https:\/\/www.slurps.be\/wp-content\/uploads\/2020\/01\/contacter-nous.jpg 255w, https:\/\/www.slurps.be\/wp-content\/uploads\/2020\/01\/contacter-nous-250x205.jpg 250w\" sizes=\"(max-width: 255px) 100vw, 255px\" \/><\/strong><\/span><\/span><\/p>\n<\/p>\n<p><strong>PLEASE PLACE YOUR ORDER BY FILLING IN THE FIELDS BELOW<\/strong><\/p>\n\t\t\t\t\t\t\t\t<\/div>\n\t\t\t\t<div class=\"elementor-element elementor-element-4070748 elementor-widget elementor-widget-wpforms\" data-id=\"4070748\" data-element_type=\"widget\" data-e-type=\"widget\" data-widget_type=\"wpforms.default\">\n\t\t\t\t<div class=\"elementor-widget-container\">\n\t\t\t\t\t<div class=\"wpforms-container wpforms-container-full\" id=\"wpforms-5894\"><form id=\"wpforms-form-5894\" class=\"wpforms-validate wpforms-form\" data-formid=\"5894\" method=\"post\" enctype=\"multipart\/form-data\" action=\"\/en\/wp-json\/wp\/v2\/pages\/8703\" data-token=\"7066dc5da19ba4c765d0e4cf9126683c\" data-token-time=\"1776406140\"><noscript class=\"wpforms-error-noscript\">Please enable JavaScript in your browser to complete this form.<\/noscript><div class=\"wpforms-field-container\"><div id=\"wpforms-5894-field_0-container\" class=\"wpforms-field wpforms-field-name\" data-field-id=\"0\"><label class=\"wpforms-field-label\" for=\"wpforms-5894-field_0\">Nom &amp; pr\u00e9nom \/Last name First Name <span class=\"wpforms-required-label\">*<\/span><\/label><input type=\"text\" id=\"wpforms-5894-field_0\" class=\"wpforms-field-medium wpforms-field-required\" name=\"wpforms[fields][0]\" required><\/div><div id=\"wpforms-5894-field_3-container\" class=\"wpforms-field wpforms-field-phone\" data-field-id=\"3\"><label class=\"wpforms-field-label\" for=\"wpforms-5894-field_3\">Votre T\u00e9l\u00e9phone\/Your phone <span class=\"wpforms-required-label\">*<\/span><\/label><input type=\"tel\" id=\"wpforms-5894-field_3\" class=\"wpforms-field-medium wpforms-field-required\" data-rule-int-phone-field=\"true\" name=\"wpforms[fields][3]\" aria-label=\"Votre T\u00e9l\u00e9phone\/Your phone\" required><\/div><div id=\"wpforms-5894-field_4-container\" class=\"wpforms-field wpforms-field-address\" data-field-id=\"4\"><label class=\"wpforms-field-label\">Adresse<\/label><div class=\"wpforms-field-row wpforms-field-medium\"><div ><input type=\"text\" id=\"wpforms-5894-field_4\" class=\"wpforms-field-address-address1\" name=\"wpforms[fields][4][address1]\" ><label for=\"wpforms-5894-field_4\" class=\"wpforms-field-sublabel after\">Address Line 1<\/label><\/div><\/div><div class=\"wpforms-field-row wpforms-field-medium\"><div class=\"wpforms-field-row-block wpforms-one-half wpforms-first\"><input type=\"text\" id=\"wpforms-5894-field_4-city\" class=\"wpforms-field-address-city\" name=\"wpforms[fields][4][city]\" ><label for=\"wpforms-5894-field_4-city\" class=\"wpforms-field-sublabel after\">City<\/label><\/div><div class=\"wpforms-field-row-block wpforms-one-half\"><input type=\"text\" id=\"wpforms-5894-field_4-state\" class=\"wpforms-field-address-state\" name=\"wpforms[fields][4][state]\" ><label for=\"wpforms-5894-field_4-state\" class=\"wpforms-field-sublabel after\">State \/ Province \/ Region<\/label><\/div><\/div><\/div><div id=\"wpforms-5894-field_1-container\" class=\"wpforms-field wpforms-field-email\" data-field-id=\"1\"><label class=\"wpforms-field-label\" for=\"wpforms-5894-field_1\">Votre E-mail\/Your email <span class=\"wpforms-required-label\">*<\/span><\/label><input type=\"email\" id=\"wpforms-5894-field_1\" class=\"wpforms-field-medium wpforms-field-required\" data-rule-restricted-email=\"1\" name=\"wpforms[fields][1]\" spellcheck=\"false\" required><\/div>\t\t<div id=\"wpforms-5894-field_2-container\"\n\t\t\tclass=\"wpforms-field wpforms-field-text\"\n\t\t\tdata-field-type=\"text\"\n\t\t\tdata-field-id=\"2\"\n\t\t\t>\n\t\t\t<label class=\"wpforms-field-label\" for=\"wpforms-5894-field_2\" >T\u00e9l\u00e9phone\/Your and souhait\u00e9e<\/label>\n\t\t\t<input type=\"text\" id=\"wpforms-5894-field_2\" class=\"wpforms-field-medium\" name=\"wpforms[fields][2]\" >\n\t\t<\/div>\n\t\t<div id=\"wpforms-5894-field_17-container\" class=\"wpforms-field wpforms-field-textarea\" data-field-id=\"17\"><label class=\"wpforms-field-label\" for=\"wpforms-5894-field_17\">Votre demande ou renseignement.\/Your request or information...<\/label><textarea id=\"wpforms-5894-field_17\" class=\"wpforms-field-medium\" name=\"wpforms[fields][17]\" ><\/textarea><\/div><div id=\"wpforms-5894-field_12-container\" class=\"wpforms-field wpforms-field-text\" data-field-id=\"12\"><label class=\"wpforms-field-label\" for=\"wpforms-5894-field_12\">Indiquer ci-dessous dans la case l&#039;Entr\u00e9e  souhait\u00e9e et la quantit\u00e9 \/Indicate the desired Entry below in the boxand the quantity<\/label><input type=\"text\" id=\"wpforms-5894-field_12\" class=\"wpforms-field-medium\" name=\"wpforms[fields][12]\" ><\/div><div id=\"wpforms-5894-field_13-container\" class=\"wpforms-field wpforms-field-text\" data-field-id=\"13\"><label class=\"wpforms-field-label\" for=\"wpforms-5894-field_13\">Indiquer ci-dessous dans la case,  le PLAT souhait\u00e9  et la quantit\u00e9\/Indicate below in the box, the desired DISH and the quantity<\/label><input type=\"text\" id=\"wpforms-5894-field_13\" class=\"wpforms-field-medium\" name=\"wpforms[fields][13]\" ><\/div><div id=\"wpforms-5894-field_14-container\" class=\"wpforms-field wpforms-field-text\" data-field-id=\"14\"><label class=\"wpforms-field-label\" for=\"wpforms-5894-field_14\">Indiquer ci-dessous dans la case,  le Dessert souhait\u00e9 et la quantit\u00e9\/Indicate below in the box, the Dessert desired and the quantity<\/label><input type=\"text\" id=\"wpforms-5894-field_14\" class=\"wpforms-field-medium\" name=\"wpforms[fields][14]\" ><\/div><div id=\"wpforms-5894-field_16-container\" class=\"wpforms-field wpforms-field-text\" data-field-id=\"16\"><label class=\"wpforms-field-label\" for=\"wpforms-5894-field_16\">Indiquer ci-dessous dans la case, l&#039;heure et la date souhait\u00e9e pour votre commande\/Indicate below in the box, the time and date desired for your order<\/label><input type=\"text\" id=\"wpforms-5894-field_16\" class=\"wpforms-field-medium\" name=\"wpforms[fields][16]\" ><\/div><div id=\"wpforms-5894-field_15-container\" class=\"wpforms-field wpforms-field-text\" data-field-id=\"15\"><label class=\"wpforms-field-label\" for=\"wpforms-5894-field_15\">Avez vous une exigence particuliere\/Do you have a special requirement?<\/label><input type=\"text\" id=\"wpforms-5894-field_15\" class=\"wpforms-field-medium\" name=\"wpforms[fields][15]\" ><\/div><div id=\"wpforms-5894-field_19-container\" class=\"wpforms-field wpforms-field-captcha\" data-field-id=\"19\"><label class=\"wpforms-field-label\" for=\"wpforms-5894-field_19\">CAPTCHA personnalis\u00e9 <span class=\"wpforms-required-label\">*<\/span><\/label>\t\t\t<div class=\"wpforms-captcha-math\">\n\t\t\t\t<span id=\"wpforms-5894-field_19-question\" class=\"wpforms-captcha-equation\">\n\t\t\t\t\t<span class=\"n1\">7<\/span>\n\t\t\t\t\t\t\t<span class=\"cal\">+<\/span>\n\t\t\t\t\t\t\t<span class=\"n2\">9<\/span>\t\t\t\t\t<span class=\"e\">=<\/span>\n\t\t\t\t<\/span>\n\t\t\t\t<input type=\"text\" id=\"wpforms-5894-field_19\" class=\"wpforms-field-medium wpforms-field-required a\" data-rule-wpf-captcha=\"math\" data-is-wrapped-field=\"1\" name=\"wpforms[fields][19][a]\" aria-describedby=\"wpforms-5894-field_19-question\" required>\t\t\t\t<input type=\"hidden\" name=\"wpforms[fields][19][cal]\" class=\"cal\">\n\t\t\t\t<input type=\"hidden\" name=\"wpforms[fields][19][n2]\" class=\"n2\">\n\t\t\t\t<input type=\"hidden\" name=\"wpforms[fields][19][n1]\" class=\"n1\">\n\t\t\t<\/div>\n\t\t\t<\/div><script>\n\t\t\t\t( function() {\n\t\t\t\t\tconst style = document.createElement( 'style' );\n\t\t\t\t\tstyle.appendChild( document.createTextNode( '#wpforms-5894-field_2-container { position: absolute !important; overflow: hidden !important; display: inline !important; height: 1px !important; width: 1px !important; z-index: -1000 !important; padding: 0 !important; } #wpforms-5894-field_2-container input { visibility: hidden; } #wpforms-conversational-form-page #wpforms-5894-field_2-container label { counter-increment: none; }' ) );\n\t\t\t\t\tdocument.head.appendChild( style );\n\t\t\t\t\tdocument.currentScript?.remove();\n\t\t\t\t} )();\n\t\t\t<\/script><\/div><!-- .wpforms-field-container --><div class=\"wpforms-recaptcha-container wpforms-is-recaptcha wpforms-is-recaptcha-type-v2\" ><div class=\"g-recaptcha\" data-sitekey=\"6LcW8kAUAAAAAGXl4Bhz_m635qIFG88pGy2lKj_c\"><\/div><input type=\"text\" name=\"g-recaptcha-hidden\" class=\"wpforms-recaptcha-hidden\" style=\"position:absolute!important;clip:rect(0,0,0,0)!important;height:1px!important;width:1px!important;border:0!important;overflow:hidden!important;padding:0!important;margin:0!important;\" data-rule-recaptcha=\"1\"><\/div><div class=\"wpforms-submit-container\" ><input type=\"hidden\" name=\"wpforms[id]\" value=\"5894\"><input type=\"hidden\" name=\"page_title\" value=\"\"><input type=\"hidden\" name=\"page_url\" value=\"https:\/\/www.slurps.be\/en\/wp-json\/wp\/v2\/pages\/8703\"><input type=\"hidden\" name=\"url_referer\" value=\"\"><button type=\"submit\" name=\"wpforms[submit]\" id=\"wpforms-submit-5894\" class=\"wpforms-submit\" data-alt-text=\"Envoi de votre Mail en cours.. \/Sending your Email in progress...\" data-submit-text=\"Envoyer\/Send\" aria-live=\"assertive\" value=\"wpforms-submit\">Envoyer\/Send<\/button><\/div><\/form><\/div>  <!-- .wpforms-container -->\t\t\t\t<\/div>\n\t\t\t\t<\/div>\n\t\t\t\t\t<\/div>\n\t\t<\/div>\n\t\t\t\t\t<\/div>\n\t\t<\/section>\n\t\t\t\t<\/div>\n\t\t","protected":false},"excerpt":{"rendered":"<p>PLEASE PLACE YOUR ORDER BY FILLING IN THE FIELDS BELOW Veuillez activer JavaScript dans votre navigateur pour remplir ce formulaire.Nom &amp; pr\u00e9nom *Votre T\u00e9l\u00e9phone *AdresseAdresse 1Ville\u00c9tat \/ Province \/ R\u00e9gionVotre E-mail *Votre demande ou renseignement&#8230;Indiquer ci-dessous dans la case, l&#039; Entr\u00e9e souhait\u00e9e et la quantit\u00e9Indiquer ci-dessous dans la case, le PLAT souhait\u00e9 et la quantit\u00e9Indiquer [&hellip;]<\/p>\n","protected":false},"author":1,"featured_media":0,"parent":0,"menu_order":0,"comment_status":"closed","ping_status":"closed","template":"","meta":{"site-sidebar-layout":"no-sidebar","site-content-layout":"page-builder","ast-site-content-layout":"default","site-content-style":"default","site-sidebar-style":"default","ast-global-header-display":"","ast-banner-title-visibility":"","ast-main-header-display":"","ast-hfb-above-header-display":"","ast-hfb-below-header-display":"","ast-hfb-mobile-header-display":"","site-post-title":"disabled","ast-breadcrumbs-content":"","ast-featured-img":"disabled","footer-sml-layout":"","ast-disable-related-posts":"","theme-transparent-header-meta":"default","adv-header-id-meta":"","stick-header-meta":"","header-above-stick-meta":"","header-main-stick-meta":"","header-below-stick-meta":"","astra-migrate-meta-layouts":"default","ast-page-background-enabled":"default","ast-page-background-meta":{"desktop":{"background-color":"","background-image":"","background-repeat":"repeat","background-position":"center center","background-size":"auto","background-attachment":"scroll","background-type":"","background-media":"","overlay-type":"","overlay-color":"","overlay-opacity":"","overlay-gradient":""},"tablet":{"background-color":"","background-image":"","background-repeat":"repeat","background-position":"center center","background-size":"auto","background-attachment":"scroll","background-type":"","background-media":"","overlay-type":"","overlay-color":"","overlay-opacity":"","overlay-gradient":""},"mobile":{"background-color":"","background-image":"","background-repeat":"repeat","background-position":"center center","background-size":"auto","background-attachment":"scroll","background-type":"","background-media":"","overlay-type":"","overlay-color":"","overlay-opacity":"","overlay-gradient":""}},"ast-content-background-meta":{"desktop":{"background-color":"var(--ast-global-color-5)","background-image":"","background-repeat":"repeat","background-position":"center center","background-size":"auto","background-attachment":"scroll","background-type":"","background-media":"","overlay-type":"","overlay-color":"","overlay-opacity":"","overlay-gradient":""},"tablet":{"background-color":"var(--ast-global-color-5)","background-image":"","background-repeat":"repeat","background-position":"center center","background-size":"auto","background-attachment":"scroll","background-type":"","background-media":"","overlay-type":"","overlay-color":"","overlay-opacity":"","overlay-gradient":""},"mobile":{"background-color":"var(--ast-global-color-5)","background-image":"","background-repeat":"repeat","background-position":"center center","background-size":"auto","background-attachment":"scroll","background-type":"","background-media":"","overlay-type":"","overlay-color":"","overlay-opacity":"","overlay-gradient":""}},"footnotes":""},"class_list":["post-8703","page","type-page","status-publish","hentry"],"_links":{"self":[{"href":"https:\/\/www.slurps.be\/en\/wp-json\/wp\/v2\/pages\/8703","targetHints":{"allow":["GET"]}}],"collection":[{"href":"https:\/\/www.slurps.be\/en\/wp-json\/wp\/v2\/pages"}],"about":[{"href":"https:\/\/www.slurps.be\/en\/wp-json\/wp\/v2\/types\/page"}],"author":[{"embeddable":true,"href":"https:\/\/www.slurps.be\/en\/wp-json\/wp\/v2\/users\/1"}],"replies":[{"embeddable":true,"href":"https:\/\/www.slurps.be\/en\/wp-json\/wp\/v2\/comments?post=8703"}],"version-history":[{"count":0,"href":"https:\/\/www.slurps.be\/en\/wp-json\/wp\/v2\/pages\/8703\/revisions"}],"wp:attachment":[{"href":"https:\/\/www.slurps.be\/en\/wp-json\/wp\/v2\/media?parent=8703"}],"curies":[{"name":"wp","href":"https:\/\/api.w.org\/{rel}","templated":true}]}}