{"id":8711,"date":"2022-10-25T16:21:05","date_gmt":"2022-10-25T15:21:05","guid":{"rendered":"https:\/\/www.slurps.be\/lunch-in-jars-or-pots\/"},"modified":"2025-12-25T15:07:06","modified_gmt":"2025-12-25T14:07:06","slug":"business-lunch-in-jars-or-pots","status":"publish","type":"page","link":"https:\/\/www.slurps.be\/en\/business-lunch-in-jars-or-pots\/","title":{"rendered":"Business Lunch in jars or pots"},"content":{"rendered":"\t\t<div data-elementor-type=\"wp-page\" data-elementor-id=\"8711\" class=\"elementor elementor-8711 elementor-7703\">\n\t\t\t\t\t\t<section class=\"elementor-section elementor-top-section elementor-element elementor-element-24e2fe5 elementor-section-boxed elementor-section-height-default elementor-section-height-default\" data-id=\"24e2fe5\" data-element_type=\"section\" data-e-type=\"section\">\n\t\t\t\t\t\t<div class=\"elementor-container elementor-column-gap-default\">\n\t\t\t\t\t<div class=\"elementor-column elementor-col-100 elementor-top-column elementor-element elementor-element-826774a\" data-id=\"826774a\" data-element_type=\"column\" data-e-type=\"column\">\n\t\t\t<div class=\"elementor-widget-wrap elementor-element-populated\">\n\t\t\t\t\t\t<div class=\"elementor-element elementor-element-f67d2a0 elementor-widget elementor-widget-heading\" data-id=\"f67d2a0\" data-element_type=\"widget\" data-e-type=\"widget\" data-widget_type=\"heading.default\">\n\t\t\t\t\t<h1 class=\"elementor-heading-title elementor-size-default\">Your Lunch in a jar<\/h1>\t\t\t\t<\/div>\n\t\t\t\t\t<\/div>\n\t\t<\/div>\n\t\t\t\t\t<\/div>\n\t\t<\/section>\n\t\t\t\t<section class=\"elementor-section elementor-top-section elementor-element elementor-element-3a28492 elementor-section-boxed elementor-section-height-default elementor-section-height-default\" data-id=\"3a28492\" data-element_type=\"section\" data-e-type=\"section\">\n\t\t\t\t\t\t<div class=\"elementor-container elementor-column-gap-default\">\n\t\t\t\t\t<div class=\"elementor-column elementor-col-100 elementor-top-column elementor-element elementor-element-a87b501\" data-id=\"a87b501\" data-element_type=\"column\" data-e-type=\"column\">\n\t\t\t<div class=\"elementor-widget-wrap elementor-element-populated\">\n\t\t\t\t\t\t<div class=\"elementor-element elementor-element-d39cea8 elementor-widget elementor-widget-text-editor\" data-id=\"d39cea8\" data-element_type=\"widget\" data-e-type=\"widget\" data-widget_type=\"text-editor.default\">\n\t\t\t\t\t\t\t\t\t<pre style=\"text-align: center;\"><span style=\"text-decoration: underline;\"><strong>Lunch served in glass jars.<\/strong><\/span><strong>  <br \/>VAT not included<br \/><\/strong><\/pre><h2 style=\"text-align: center;\"><strong>Bowl jar&#8230;\u20ac12.50 excl. VAT per person. Minimum order for 15 people<\/strong><\/h2><h2 style=\"text-align: center;\"><strong>&#8211; 1 choices per order = \u20ac12.50 \/ or \u20ac2.50 supplement per additional choice<\/strong><\/h2><p style=\"text-align: center;\"><span style=\"color: #ff00ff;\"><strong>Bowl &#8230;12,5 \u20ac pers.\u00a0<\/strong><\/span><\/p><p><div id='gallery-1' class='gallery galleryid-8711 gallery-columns-3 gallery-size-full'><figure class='gallery-item'>\n\t\t\t<div class='gallery-icon portrait'>\n\t\t\t\t<a href='https:\/\/www.slurps.be\/en\/vegan-bocaux-lunch-1-petit-2\/'><img fetchpriority=\"high\" decoding=\"async\" width=\"480\" height=\"640\" src=\"https:\/\/www.slurps.be\/wp-content\/uploads\/2023\/08\/vegan-bocaux-lunch-1-petit.jpg\" class=\"attachment-full size-full\" alt=\"\" aria-describedby=\"gallery-1-8626\" srcset=\"https:\/\/www.slurps.be\/wp-content\/uploads\/2023\/08\/vegan-bocaux-lunch-1-petit.jpg 480w, https:\/\/www.slurps.be\/wp-content\/uploads\/2023\/08\/vegan-bocaux-lunch-1-petit-188x250.jpg 188w, https:\/\/www.slurps.be\/wp-content\/uploads\/2023\/08\/vegan-bocaux-lunch-1-petit-243x324.jpg 243w\" sizes=\"(max-width: 480px) 100vw, 480px\" \/><\/a>\n\t\t\t<\/div>\n\t\t\t\t<figcaption class='wp-caption-text gallery-caption' id='gallery-1-8626'>\n\t\t\t\tFontaine fraiche limonade\n\t\t\t\t<\/figcaption><\/figure><figure class='gallery-item'>\n\t\t\t<div class='gallery-icon portrait'>\n\t\t\t\t<a href='https:\/\/www.slurps.be\/en\/vegan-bocaux-lunch-3-petit-2\/'><img decoding=\"async\" width=\"480\" height=\"639\" src=\"https:\/\/www.slurps.be\/wp-content\/uploads\/2023\/08\/vegan-bocaux-lunch-3-petit.jpg\" class=\"attachment-full size-full\" alt=\"\" aria-describedby=\"gallery-1-8628\" srcset=\"https:\/\/www.slurps.be\/wp-content\/uploads\/2023\/08\/vegan-bocaux-lunch-3-petit.jpg 480w, https:\/\/www.slurps.be\/wp-content\/uploads\/2023\/08\/vegan-bocaux-lunch-3-petit-188x250.jpg 188w, https:\/\/www.slurps.be\/wp-content\/uploads\/2023\/08\/vegan-bocaux-lunch-3-petit-243x324.jpg 243w\" sizes=\"(max-width: 480px) 100vw, 480px\" \/><\/a>\n\t\t\t<\/div>\n\t\t\t\t<figcaption class='wp-caption-text gallery-caption' id='gallery-1-8628'>\n\t\t\t\tPlats lunch-bocaux Chili con vegan Carne, haricots rouges, poivrons, ma\u00efs, seitan\n\t\t\t\t<\/figcaption><\/figure><figure class='gallery-item'>\n\t\t\t<div class='gallery-icon landscape'>\n\t\t\t\t<a href='https:\/\/www.slurps.be\/en\/vegan-bocaux-lunch-4-petit-2\/'><img decoding=\"async\" width=\"641\" height=\"480\" src=\"https:\/\/www.slurps.be\/wp-content\/uploads\/2023\/08\/vegan-bocaux-lunch-4-petit.jpg\" class=\"attachment-full size-full\" alt=\"\" aria-describedby=\"gallery-1-8629\" srcset=\"https:\/\/www.slurps.be\/wp-content\/uploads\/2023\/08\/vegan-bocaux-lunch-4-petit.jpg 641w, https:\/\/www.slurps.be\/wp-content\/uploads\/2023\/08\/vegan-bocaux-lunch-4-petit-250x187.jpg 250w, https:\/\/www.slurps.be\/wp-content\/uploads\/2023\/08\/vegan-bocaux-lunch-4-petit-353x264.jpg 353w\" sizes=\"(max-width: 641px) 100vw, 641px\" \/><\/a>\n\t\t\t<\/div>\n\t\t\t\t<figcaption class='wp-caption-text gallery-caption' id='gallery-1-8629'>\n\t\t\t\tPlats lunch-bocaux Indian Tandoori aux l\u00e9gumes, lentilles corail, mangues et lait de coco\n\t\t\t\t<\/figcaption><\/figure><figure class='gallery-item'>\n\t\t\t<div class='gallery-icon landscape'>\n\t\t\t\t<a href='https:\/\/www.slurps.be\/en\/vegan-bocaux-lunch-5-petit-2\/'><img loading=\"lazy\" decoding=\"async\" width=\"641\" height=\"480\" src=\"https:\/\/www.slurps.be\/wp-content\/uploads\/2023\/08\/vegan-bocaux-lunch-5-petit.jpg\" class=\"attachment-full size-full\" alt=\"\" aria-describedby=\"gallery-1-8630\" srcset=\"https:\/\/www.slurps.be\/wp-content\/uploads\/2023\/08\/vegan-bocaux-lunch-5-petit.jpg 641w, https:\/\/www.slurps.be\/wp-content\/uploads\/2023\/08\/vegan-bocaux-lunch-5-petit-250x187.jpg 250w, https:\/\/www.slurps.be\/wp-content\/uploads\/2023\/08\/vegan-bocaux-lunch-5-petit-353x264.jpg 353w\" sizes=\"(max-width: 641px) 100vw, 641px\" \/><\/a>\n\t\t\t<\/div>\n\t\t\t\t<figcaption class='wp-caption-text gallery-caption' id='gallery-1-8630'>\n\t\t\t\tEntr\u00e9e bocaux lunch weck\n\t\t\t\t<\/figcaption><\/figure><figure class='gallery-item'>\n\t\t\t<div class='gallery-icon landscape'>\n\t\t\t\t<a href='https:\/\/www.slurps.be\/en\/vegan-bocaux-lunch-6-petit-2\/'><img loading=\"lazy\" decoding=\"async\" width=\"641\" height=\"480\" src=\"https:\/\/www.slurps.be\/wp-content\/uploads\/2023\/08\/vegan-bocaux-lunch-6-petit.jpg\" class=\"attachment-full size-full\" alt=\"\" aria-describedby=\"gallery-1-8631\" srcset=\"https:\/\/www.slurps.be\/wp-content\/uploads\/2023\/08\/vegan-bocaux-lunch-6-petit.jpg 641w, https:\/\/www.slurps.be\/wp-content\/uploads\/2023\/08\/vegan-bocaux-lunch-6-petit-250x187.jpg 250w, https:\/\/www.slurps.be\/wp-content\/uploads\/2023\/08\/vegan-bocaux-lunch-6-petit-353x264.jpg 353w\" sizes=\"(max-width: 641px) 100vw, 641px\" \/><\/a>\n\t\t\t<\/div>\n\t\t\t\t<figcaption class='wp-caption-text gallery-caption' id='gallery-1-8631'>\n\t\t\t\tEntr\u00e9e bocaux lunch weck\n\t\t\t\t<\/figcaption><\/figure>\n\t\t<\/div>\n<\/p><p style=\"text-align: center;\">&#8211; <br \/>&#8220;Risotto alla Fungaiola riz carnaroli&#8221; or truffle-flavored mushroom risotto<\/p><p style=\"text-align: center;\">-or <br \/>Indian Tandoori with vegetables, coral lentils, mangoes and coconut milk<\/p><p style=\"text-align: center;\">-or <br \/>Chili con vegan Carne, kidney beans, peppers, corn, seitan<\/p><p style=\"text-align: center;\">-or <br \/>PAD THAI\u00a0 with rice noodles and vegetable wok, sweet and sour herb sauce<\/p><ul><li style=\"text-align: center;\"><strong>Other choices on request<\/strong><\/li><\/ul><p style=\"text-align: center;\"><span style=\"text-decoration: underline;\"><strong>Dessert in a glass jar &#8230;&#8230;6.5 \u20ac \u20ac pers<\/strong><\/span><\/p><p style=\"text-align: center;\">&#8211; lemon curd and fruit cookie crust<\/p><p style=\"text-align: center;\">&#8211; Tiramisu with gingerbread, speculoos, raspberries and raw cocoa<\/p><p style=\"text-align: center;\">&#8211; Biscuit crust with raisins, caramelized apple cinnamon<\/p><p style=\"text-align: center;\">&#8211; Croute, candied pear flavoured with star anise<\/p><p style=\"text-align: center;\">&#8211; Cake with Fair Trade dark chocolate. Cream <br \/>rum vanilla<\/p><p style=\"text-align: center;\">&#8211; Fresh fruit panacotta (e.g. blueberries, raspberries, etc.)<\/p><p style=\"text-align: center;\">Jar deposit= \u20ac2,5 \u20ac<\/p>\t\t\t\t\t\t\t\t<\/div>\n\t\t\t\t<div class=\"elementor-element elementor-element-d829387 elementor-widget elementor-widget-text-editor\" data-id=\"d829387\" data-element_type=\"widget\" data-e-type=\"widget\" data-widget_type=\"text-editor.default\">\n\t\t\t\t\t\t\t\t\t<h2 class=\"has-text-align-center has-text-color\" style=\"color: #540e0e; --darkreader-inline-color: #c9c4bd;\" data-darkreader-inline-color=\"\"><span style=\"color: #ff00ff; --darkreader-inline-color: #ff1aff;\" data-darkreader-inline-color=\"\"><strong>Merci de passer votre commande de pr\u00e9f\u00e9rence<br \/>avant le 29 d\u00e9cembre \u00a02025 &#8211;\u00a0 <span style=\"text-decoration: underline;\">prix du menu 49.5 \u20ac<\/span><br \/><\/strong><\/span><\/h2><div class=\"wp-block-image\"><figure class=\"aligncenter is-resized\"><img loading=\"lazy\" decoding=\"async\" class=\"wp-image-1106\" src=\"http:\/\/www.slurps.be\/wp-content\/uploads\/2015\/11\/une-bonne-ann\u00e9e-www.slurps.be_.bmp\" alt=\"\" width=\"729\" height=\"339\" \/><\/figure><\/div><h4 style=\"text-align: center;\"><a href=\"https:\/\/www.slurps.be\/bon-de-commande-menu-du-reveillon\/\"><strong><em>R\u00e9servation par bon de commande .. <\/em><\/strong><strong>ICI..<img loading=\"lazy\" decoding=\"async\" class=\"size-full wp-image-3921 aligncenter\" src=\"https:\/\/www.slurps.be\/wp-content\/uploads\/2020\/12\/click-ici.jpg\" alt=\"\" width=\"70\" height=\"86\" \/><\/strong><\/a><\/h4><div dir=\"auto\">\u00a0<\/div><div dir=\"auto\">\u00a0<\/div><h3 dir=\"auto\" style=\"text-align: center;\"><strong>Menu de Nouvel An 49.5\u20ac<\/strong><\/h3><div dir=\"auto\">\u00a0<\/div><h5 dir=\"auto\" style=\"text-align: center;\"><strong>Zakouskis:\u00a0<\/strong><\/h5><h5 dir=\"auto\" style=\"text-align: center;\">\u2022 Tartelette, cr\u00e8me br\u00fbl\u00e9e de potimarron,\u00a0<\/h5><h5 dir=\"auto\" style=\"text-align: center;\">\u2022 Feuillet\u00e9 Vol-au-vent truff\u00e9<\/h5><h5 dir=\"auto\" style=\"text-align: center;\">\u2022 Choux farci, cr\u00e8me de tarama et caviar d&#8217;algues\u00a0<\/h5><h5 dir=\"auto\" style=\"text-align: center;\">\u00a0<\/h5><h5 dir=\"auto\" style=\"text-align: center;\"><strong>Entr\u00e9es :<\/strong><\/h5><h5 dir=\"auto\" style=\"text-align: center;\">\u00a0<\/h5><h5 dir=\"auto\" style=\"text-align: center;\">&#8211; Verrine de panna cotta cr\u00e9meuse aux c\u00e8pes et marrons, l\u00e9g\u00e8rement parfum\u00e9e au caf\u00e9, crumble de noisettes torr\u00e9fi\u00e9es, tuile croustillante<\/h5><h5 dir=\"auto\" style=\"text-align: center;\">\u2003\u2003\u2003\u2003\u2003\u2003\u2003<strong>\u2003- Ou &#8211;<\/strong><\/h5><h5 dir=\"auto\" style=\"text-align: center;\">\u00a0<\/h5><h5 dir=\"auto\" style=\"text-align: center;\">&#8211; Notre terrine maison de faux gras parfum\u00e9e au cognac et \u00e0 la truffe fra\u00eeche, accompagn\u00e9e d\u2019une brioche l\u00e9g\u00e8rement sucr\u00e9e, confit d\u2019oignons, champagne et framboise.<\/h5><h5 dir=\"auto\" style=\"text-align: center;\">\u00a0<\/h5><h5 dir=\"auto\" style=\"text-align: center;\">\u00a0<\/h5><h5 dir=\"auto\" style=\"text-align: center;\"><strong>Plats:\u00a0<\/strong><\/h5><h5 dir=\"auto\" style=\"text-align: center;\">\u00a0<\/h5><h5 dir=\"auto\" style=\"text-align: center;\">1) \u2022 Ravioles fra\u00eeches pierogi de l&#8217;An<\/h5><h5 dir=\"auto\" style=\"text-align: center;\">(farce cochonne, lentilles fum\u00e9es, pommes de terre, champignons des bois, aneth)<\/h5><h5 dir=\"auto\" style=\"text-align: center;\">Sauce\u00a0<\/h5><h5 dir=\"auto\" style=\"text-align: center;\">\u00a0<\/h5><h5 dir=\"auto\" style=\"text-align: center;\">\u00a0 <strong>\u00a0&#8211; Ou &#8211;<\/strong><\/h5><h5 dir=\"auto\" style=\"text-align: center;\">\u00a0<\/h5><h5 dir=\"auto\" style=\"text-align: center;\">2) \u2022 \u00c9toile de L&#8217;An farcie<\/h5><h5 dir=\"auto\" style=\"text-align: center;\">(Tourte \u00e9toil\u00e9e, farce maison \u00e0 la courge butternut fum\u00e9e, c\u00e8pes, ch\u00e2taignes grill\u00e9es)<\/h5><h5 dir=\"auto\" style=\"text-align: center;\">\u00a0<\/h5><h5 dir=\"auto\" style=\"text-align: center;\"><strong>Accompagnement:<\/strong><\/h5><h5 dir=\"auto\" style=\"text-align: center;\">\u2022 Patates douces macaire r\u00f4ties, amandes, estragon<\/h5><h5 dir=\"auto\" style=\"text-align: center;\">\u2022 Poire confite au vin rouge, compot\u00e9e d&#8217;airelles \u00e0 la vanille, anis \u00e9toil\u00e9<\/h5><h5 dir=\"auto\" style=\"text-align: center;\">\u00a0<\/h5><h5 dir=\"auto\" style=\"text-align: center;\"><strong>Sauce au choix<\/strong><\/h5><h5 dir=\"auto\" style=\"text-align: center;\">\u2022 Sauce fine champagne, \u00e0 la farandole de champignons, flamb\u00e9e au cognac, cr\u00e8me v\u00e9g\u00e9tale.<\/h5><h5 dir=\"auto\" style=\"text-align: center;\">\u2003<\/h5><h5 dir=\"auto\" style=\"text-align: center;\"><strong>&#8211; OU &#8211;<\/strong><\/h5><h5 dir=\"auto\" style=\"text-align: center;\">\u00a0<\/h5><h5 dir=\"auto\" style=\"text-align: center;\">\u2022 Sauce B\u00e9arnaise, cr\u00e8me et beurre v\u00e9g\u00e9tal, vin blanc, estragon.<\/h5><h5 dir=\"auto\" style=\"text-align: center;\">\u00a0<\/h5><h5 dir=\"auto\" style=\"text-align: center;\">\u00a0<\/h5><h5 dir=\"auto\" style=\"text-align: center;\"><strong>Dessert<\/strong><\/h5><h5 dir=\"auto\" style=\"text-align: center;\">\u00a0<\/h5><h5 dir=\"auto\" style=\"text-align: center;\">Blanc-manger noix de coco, cro\u00fbte moelleuse. C\u0153ur marron glac\u00e9, flocons de chocolat blanc. Coulis mangue.<\/h5><div dir=\"auto\">\u00a0<\/div><p style=\"text-align: center;\"><strong><span style=\"color: #ff00ff; --darkreader-inline-color: #ff1aff;\" data-darkreader-inline-color=\"\">000000000000<\/span><\/strong><\/p><h4 style=\"text-align: center;\"><strong>VOTRE COMMANDE CE 31 D\u00c9CEMBRE<\/strong> <strong>2025<\/strong><\/h4><h4 class=\"has-text-color\" style=\"color: #540e0e; --darkreader-inline-color: #c9c4bd;\" data-darkreader-inline-color=\"\"><strong>Infos pratiques :\u00a0 tel : <\/strong><\/h4><h1><span data-darkreader-inline-color=\"\"><span style=\"color: #333333;\">04<\/span><a id=\"m_9006190020534445062m_1479610920186727597LPlnk497060\" href=\"http:\/\/73.46.94.84\/\" target=\"_blank\" rel=\"noopener noreferrer noreferrer\" data-saferedirecturl=\"https:\/\/www.google.com\/url?q=http:\/\/73.46.94.84\/&amp;source=gmail&amp;ust=1640009767738000&amp;usg=AOvVaw2sUaK2E19Ih0Gs6DcZ4IJM\"><span id=\"m_9006190020534445062m_1479610920186727597LPlnk497060\"><span style=\"color: #333333;\">73.46.94.84<\/span><\/span><\/a><span id=\"m_9006190020534445062m_1479610920186727597LPlnk497060\"><\/span><\/span><\/h1><h2><span style=\"color: #ff00ff; --darkreader-inline-color: #ff1aff;\" data-darkreader-inline-color=\"\"><strong>POINT DE RETRAIT&#8230;CE 31 DECEMBRE<br \/><\/strong><\/span><\/h2><p><span data-darkreader-inline-color=\"\"><strong>\u2013 \u00c0 Ixelles au \u00ab\u00a0BARN BIO MARKET\u00a0\u00bb <\/strong>Rue de la Tulipe 22,<br \/>1050 IXELLES L\u2019enl\u00e8vement des plats se fera \u00e0 partir de <strong>13 h jusqu\u2019\u00e0 14,30 h maximum <\/strong><\/span><\/p><p><span style=\"color: #0000ff;\"><strong>Pour d&#8217;autre possibilit\u00e9 contacter nous !<\/strong><\/span><\/p><p>Possibilit\u00e9 de livraison le 31 d\u00e9cembre sur Uccle 24\u20ac et Ixelles pour 22\u20ac.<\/p><p><span style=\"color: #800000; --darkreader-inline-color: #ff7272;\" data-darkreader-inline-color=\"\"><strong>POUR DES RAISONS SANITAIRES, COVID ET \u00c9CONOMIQUES NOUS VOUS DEMANDONS AVEC NOS REMERCIEMENTS ANTICIPE, D&#8217;AVOIR LA GENTILLESSE DE BIEN VOULOIR VENIR RETIRER VOTRE COMMANDE DANS LES POINTS RETRAIT. AFIN D\u2019\u00c9VITER LES LIVRAISONS.<\/strong><\/span><\/p><p class=\"has-normal-font-size\">\u2013 Les livraisons \u00e0 domicile, <span style=\"color: #ff0000; --darkreader-inline-color: #ff1a1a;\" data-darkreader-inline-color=\"\"><strong>SI VRAIMENT INDISPENSABLE,<\/strong><\/span>\u00a0\u00a0<\/p><h1 style=\"text-align: center;\">\u00a0 \u00a0 \u00a0 \u00a0 \u00a0 \u00a0 \u00a0 \u00a0 \u00a0 <span style=\"color: #ff00ff; --darkreader-inline-color: #ff1aff;\" data-darkreader-inline-color=\"\">\u00a0\u00b0\u00b0\u00b0\u00b0\u00b0\u00b0\u00b0\u00b0\u00b0\u00b0\u00b0\u00b0\u00b0\u00b0\u00b0\u00b0\u00b0\u00b0\u00b0\u00b0\u00b0\u00b0<\/span><\/h1><h4 style=\"text-align: center;\"><a href=\"https:\/\/www.slurps.be\/bon-de-commande-menu-du-reveillon-2024-2025\/\"><strong><em>R\u00e9servation par bon de commande .. <\/em><\/strong><strong>ICI..<\/strong><\/a><\/h4><p class=\"has-custom-size\" style=\"font-size: 20px; text-align: center;\"><strong>\u00a0Infos pratiques :<\/strong><\/p><h4 style=\"text-align: center;\"><a href=\"https:\/\/www.slurps.be\/bon-de-commande-menu-du-reveillon\/\"><strong><em><img loading=\"lazy\" decoding=\"async\" class=\"size-full wp-image-3921 aligncenter\" src=\"https:\/\/www.slurps.be\/wp-content\/uploads\/2020\/12\/click-ici.jpg\" alt=\"\" width=\"70\" height=\"86\" \/><\/em><\/strong><\/a><\/h4><h4 style=\"text-align: center;\">\u00a0<\/h4><p class=\"has-text-align-center has-custom-size\" style=\"font-size: 19px;\">Toutes les pr\u00e9parations sont emball\u00e9es et selon votre choix pr\u00eat \u00e0 servir sur assiettes ou \u00e0 r\u00e9chauffer, un mode d\u2019emplois explicatif de pr\u00e9sentation et de temps de r\u00e9chauffement sera inclus. Nous nous r\u00e9jouissons d\u00e9j\u00e0 de pouvoir vous offrir les saveurs \u00a0parfum\u00e9es de notre d\u00e9licieuse cuisine.<\/p><div class=\"wp-block-kioken-imagebox text-align-none kt-imagebox__6cc22c-45\" data-tilt-max=\"15\"><div class=\"overflow-hidden box-wrap\"><div class=\"wp-block-kioken-imagebox__inner pos-abs-zeropos kt_flex_justifystart\"><div class=\"the-content\"><h4 class=\"wp-block-kioken-imagebox__heading\" style=\"font-size: 32px; line-height: 1.4;\">Colis de livraison menu de f\u00eates<\/h4><div class=\"wp-block-kioken-imagebox__masked\">\u00a0<\/div><\/div><\/div><div class=\"overflow-hidden imgwrap\"><img loading=\"lazy\" decoding=\"async\" width=\"930\" height=\"700\" class=\"wp-image-3875 wp-block-kioken-imagebox__img\" src=\"https:\/\/www.slurps.be\/wp-content\/uploads\/2020\/12\/IMG-20191221-WA0003.jpg\" srcset=\"https:\/\/www.slurps.be\/wp-content\/uploads\/2020\/12\/IMG-20191221-WA0003.jpg 930w, https:\/\/www.slurps.be\/wp-content\/uploads\/2020\/12\/IMG-20191221-WA0003-600x452.jpg 600w, https:\/\/www.slurps.be\/wp-content\/uploads\/2020\/12\/IMG-20191221-WA0003-250x188.jpg 250w, https:\/\/www.slurps.be\/wp-content\/uploads\/2020\/12\/IMG-20191221-WA0003-353x266.jpg 353w, https:\/\/www.slurps.be\/wp-content\/uploads\/2020\/12\/IMG-20191221-WA0003-500x376.jpg 500w, https:\/\/www.slurps.be\/wp-content\/uploads\/2020\/12\/IMG-20191221-WA0003-800x602.jpg 800w\" sizes=\"(max-width: 930px) 100vw, 930px\" \/>\u00a8\u00a8<\/div><\/div><\/div><p>.<\/p>\t\t\t\t\t\t\t\t<\/div>\n\t\t\t\t\t<\/div>\n\t\t<\/div>\n\t\t\t\t\t<\/div>\n\t\t<\/section>\n\t\t\t\t<\/div>\n\t\t","protected":false},"excerpt":{"rendered":"<p>Your Lunch in a jar Lunch served in glass jars. VAT not included Bowl jar&#8230;\u20ac12.50 excl. VAT per person. Minimum order for 15 people &#8211; 1 choices per order = \u20ac12.50 \/ or \u20ac2.50 supplement per additional choice Bowl &#8230;12,5 \u20ac pers.\u00a0 &#8211; &#8220;Risotto alla Fungaiola riz carnaroli&#8221; or truffle-flavored mushroom risotto -or Indian Tandoori [&hellip;]<\/p>\n","protected":false},"author":1,"featured_media":0,"parent":0,"menu_order":0,"comment_status":"closed","ping_status":"closed","template":"","meta":{"site-sidebar-layout":"no-sidebar","site-content-layout":"page-builder","ast-site-content-layout":"default","site-content-style":"default","site-sidebar-style":"default","ast-global-header-display":"","ast-banner-title-visibility":"","ast-main-header-display":"","ast-hfb-above-header-display":"","ast-hfb-below-header-display":"","ast-hfb-mobile-header-display":"","site-post-title":"disabled","ast-breadcrumbs-content":"","ast-featured-img":"disabled","footer-sml-layout":"","ast-disable-related-posts":"","theme-transparent-header-meta":"","adv-header-id-meta":"","stick-header-meta":"","header-above-stick-meta":"","header-main-stick-meta":"","header-below-stick-meta":"","astra-migrate-meta-layouts":"default","ast-page-background-enabled":"default","ast-page-background-meta":{"desktop":{"background-color":"","background-image":"","background-repeat":"repeat","background-position":"center center","background-size":"auto","background-attachment":"scroll","background-type":"","background-media":"","overlay-type":"","overlay-color":"","overlay-opacity":"","overlay-gradient":""},"tablet":{"background-color":"","background-image":"","background-repeat":"repeat","background-position":"center center","background-size":"auto","background-attachment":"scroll","background-type":"","background-media":"","overlay-type":"","overlay-color":"","overlay-opacity":"","overlay-gradient":""},"mobile":{"background-color":"","background-image":"","background-repeat":"repeat","background-position":"center center","background-size":"auto","background-attachment":"scroll","background-type":"","background-media":"","overlay-type":"","overlay-color":"","overlay-opacity":"","overlay-gradient":""}},"ast-content-background-meta":{"desktop":{"background-color":"var(--ast-global-color-5)","background-image":"","background-repeat":"repeat","background-position":"center center","background-size":"auto","background-attachment":"scroll","background-type":"","background-media":"","overlay-type":"","overlay-color":"","overlay-opacity":"","overlay-gradient":""},"tablet":{"background-color":"var(--ast-global-color-5)","background-image":"","background-repeat":"repeat","background-position":"center center","background-size":"auto","background-attachment":"scroll","background-type":"","background-media":"","overlay-type":"","overlay-color":"","overlay-opacity":"","overlay-gradient":""},"mobile":{"background-color":"var(--ast-global-color-5)","background-image":"","background-repeat":"repeat","background-position":"center center","background-size":"auto","background-attachment":"scroll","background-type":"","background-media":"","overlay-type":"","overlay-color":"","overlay-opacity":"","overlay-gradient":""}},"footnotes":""},"class_list":["post-8711","page","type-page","status-publish","hentry"],"_links":{"self":[{"href":"https:\/\/www.slurps.be\/en\/wp-json\/wp\/v2\/pages\/8711","targetHints":{"allow":["GET"]}}],"collection":[{"href":"https:\/\/www.slurps.be\/en\/wp-json\/wp\/v2\/pages"}],"about":[{"href":"https:\/\/www.slurps.be\/en\/wp-json\/wp\/v2\/types\/page"}],"author":[{"embeddable":true,"href":"https:\/\/www.slurps.be\/en\/wp-json\/wp\/v2\/users\/1"}],"replies":[{"embeddable":true,"href":"https:\/\/www.slurps.be\/en\/wp-json\/wp\/v2\/comments?post=8711"}],"version-history":[{"count":6,"href":"https:\/\/www.slurps.be\/en\/wp-json\/wp\/v2\/pages\/8711\/revisions"}],"predecessor-version":[{"id":11958,"href":"https:\/\/www.slurps.be\/en\/wp-json\/wp\/v2\/pages\/8711\/revisions\/11958"}],"wp:attachment":[{"href":"https:\/\/www.slurps.be\/en\/wp-json\/wp\/v2\/media?parent=8711"}],"curies":[{"name":"wp","href":"https:\/\/api.w.org\/{rel}","templated":true}]}}