{"id":9707,"date":"2026-01-26T11:47:43","date_gmt":"2026-01-26T10:47:43","guid":{"rendered":"https:\/\/www.slurps.be\/order-menu-st-valentin-vegan\/"},"modified":"2025-01-16T14:56:28","modified_gmt":"2025-01-16T13:56:28","slug":"order-menu-st-valentin-vegan","status":"publish","type":"page","link":"https:\/\/www.slurps.be\/en\/order-menu-st-valentin-vegan\/","title":{"rendered":"order Menu- ST-Valentin-Vegan"},"content":{"rendered":"\t\t<div data-elementor-type=\"wp-page\" data-elementor-id=\"9707\" class=\"elementor elementor-9707\">\n\t\t\t\t\t\t<section class=\"elementor-section elementor-top-section elementor-element elementor-element-16a0ce49 elementor-section-boxed elementor-section-height-default elementor-section-height-default\" data-id=\"16a0ce49\" data-element_type=\"section\" data-e-type=\"section\">\n\t\t\t\t\t\t<div class=\"elementor-container elementor-column-gap-default\">\n\t\t\t\t\t<div class=\"elementor-column elementor-col-100 elementor-top-column elementor-element elementor-element-419c9c87\" data-id=\"419c9c87\" data-element_type=\"column\" data-e-type=\"column\">\n\t\t\t<div class=\"elementor-widget-wrap elementor-element-populated\">\n\t\t\t\t\t\t<div class=\"elementor-element elementor-element-19ed7111 elementor-widget elementor-widget-text-editor\" data-id=\"19ed7111\" data-element_type=\"widget\" data-e-type=\"widget\" data-widget_type=\"text-editor.default\">\n\t\t\t\t\t\t\t\t\t<form action=\"http:\/\/www.slurps.be\/cgi-bin\/inscriabc.pl\" method=\"post\" name=\"monformulaireabc.html\">\n<p><span style=\"font-size: xx-small;\"><input name=\"subject\" type=\"hidden\" value=\"monformulaire.html\"><input name=\"recipient\" type=\"hidden\" value=\"1\"><input name=\"required\" type=\"hidden\" value=\"Your-mail-field4, Phone-field5\"><input name=\"missing_fields_redirect\" type=\"hidden\" value=\"http:\/\/www.slurps.be\/desoleabc.htm\"><input name=\"redirect\" type=\"hidden\" value=\"http:\/\/www.slurps.be\/bravoabclove.htm\"><br \/><\/span><\/p>\n<p style=\"text-align: center;\"><img fetchpriority=\"high\" decoding=\"async\" class=\"aligncenter wp-image-4324\" src=\"https:\/\/www.slurps.be\/wp-content\/uploads\/2021\/01\/saint-valentin-biotraiteur.jpg\" alt=\"\" width=\"607\" height=\"330\" srcset=\"https:\/\/www.slurps.be\/wp-content\/uploads\/2021\/01\/saint-valentin-biotraiteur.jpg 993w, https:\/\/www.slurps.be\/wp-content\/uploads\/2021\/01\/saint-valentin-biotraiteur-600x326.jpg 600w, https:\/\/www.slurps.be\/wp-content\/uploads\/2021\/01\/saint-valentin-biotraiteur-250x136.jpg 250w, https:\/\/www.slurps.be\/wp-content\/uploads\/2021\/01\/saint-valentin-biotraiteur-353x192.jpg 353w, https:\/\/www.slurps.be\/wp-content\/uploads\/2021\/01\/saint-valentin-biotraiteur-500x272.jpg 500w, https:\/\/www.slurps.be\/wp-content\/uploads\/2021\/01\/saint-valentin-biotraiteur-800x435.jpg 800w\" sizes=\"(max-width: 607px) 100vw, 607px\" \/><\/p>\n<h3 class=\"size-big\" align=\"center\"><span style=\"color: #ff00ff; --darkreader-inline-color: #bf14bf;\" data-darkreader-inline-color=\"\"><b>Ordering &#8211; Vegan Valentine&#8217;s Day menu &#8211;  <\/b><\/span><br \/><span style=\"color: #4d2b22; font-family: Verdana; font-size: medium; --darkreader-inline-color: #a2847d;\" data-darkreader-inline-color=\"\">Please place your order preferably<br \/><strong>before noon on February 12, 2024<\/strong><br \/><\/span><\/h3>\n<h5 style=\"text-align: center;\"><strong>Surprise your loved one<\/strong><\/h5>\n<h5 style=\"text-align: center;\">we&#8217;ve prepared a delicious Top Chef Vegan menu for you.<\/h5>\n<h5 style=\"text-align: center;\"><strong>takeaway for Wednesday<\/strong><strong> February 14.<\/strong><\/h5>\n<p style=\"text-align: center;\"><img decoding=\"async\" class=\"aligncenter size-full wp-image-792\" src=\"https:\/\/www.slurps.be\/wp-content\/uploads\/2016\/01\/coeur.jpg\" alt=\"\" width=\"124\" height=\"75\"><\/p>\n<h3 style=\"text-align: center;\"><strong>Menu 49 \u20ac \/pers. Starter and Main Course and Dessert<\/strong><\/h3>\n<h4 style=\"text-align: center;\"><span style=\"color: #ff00ff; --darkreader-inline-color: #bf14bf;\" data-darkreader-inline-color=\"\"><strong>Valentine&#8217;s menu<\/strong><\/span><span style=\"color: #ff00ff; --darkreader-inline-color: #bf14bf;\" data-darkreader-inline-color=\"\"><strong> <\/strong><\/span><\/h4>\n<p><strong><span style=\"color: #ff00ff;\">Entrance :<\/span> <\/strong><\/p>\n<p>Beluga lentil and seaweed caviar tartar, fine herbs,<\/p>\n<p>candied wakame and ginger sushi, a small February salad with passion fruit.<\/p>\n<p><strong><span style=\"color: #ff00ff;\">Where<\/span> <\/strong><\/p>\n<p>Trio of Vegetable Nuts (exclusive house recipe), like scallops, on a bed of leek fondant<\/p>\n<p>and caramelized parsnips, salsify chips, vegan beurre blanc.<\/p>\n<p><span style=\"color: #ff00ff;\"><strong><u>Dish :<\/u><\/strong><\/span><\/p>\n<p>Like a Bouch\u00e9e a la Reine in crispy puff pastry, topped with a smooth, creamy filling,<\/p>\n<p>truffle flavour, textured chicken-style soy, cave mushrooms, ceps and morels.<\/p>\n<p>R\u00f6sti potatoes<\/p>\n<p><span style=\"color: #ff00ff;\"><strong><u>Dessert :<\/u><\/strong><\/span><\/p>\n<p>Pavlova with red fruit pana cota and almond nougatine petals.<\/p>\n<h5 style=\"text-align: center;\"><span style=\"color: #2b960e; --darkreader-inline-color: #64b54d;\" data-darkreader-inline-color=\"\"> <\/span><\/h5>\n<p style=\"text-align: center;\"><span style=\"color: #4d2b22; font-family: Verdana; font-size: medium; --darkreader-inline-color: #a2847d;\" data-darkreader-inline-color=\"\"><img decoding=\"async\" class=\"aligncenter size-full wp-image-2957\" src=\"https:\/\/www.slurps.be\/wp-content\/uploads\/2020\/01\/Valentin-diner.jpg\" alt=\"\" width=\"612\" height=\"416\" srcset=\"https:\/\/www.slurps.be\/wp-content\/uploads\/2020\/01\/Valentin-diner.jpg 612w, https:\/\/www.slurps.be\/wp-content\/uploads\/2020\/01\/Valentin-diner-600x408.jpg 600w, https:\/\/www.slurps.be\/wp-content\/uploads\/2020\/01\/Valentin-diner-250x170.jpg 250w, https:\/\/www.slurps.be\/wp-content\/uploads\/2020\/01\/Valentin-diner-353x240.jpg 353w, https:\/\/www.slurps.be\/wp-content\/uploads\/2020\/01\/Valentin-diner-500x340.jpg 500w, https:\/\/www.slurps.be\/wp-content\/uploads\/2020\/01\/Valentin-diner-520x353.jpg 520w\" sizes=\"(max-width: 612px) 100vw, 612px\" \/><br \/><\/span><\/p>\n<\/form>\n<h5 class=\"has-text-color\" style=\"text-align: center;\"><strong>Practical info: tel: 0477 927 411.<\/strong><\/h5>\n<h5 style=\"text-align: center;\"><strong>COLLECTION POINT&#8230;<\/strong><\/h5>\n<p style=\"text-align: center;\"><img loading=\"lazy\" decoding=\"async\" class=\"aligncenter size-full wp-image-791\" src=\"https:\/\/www.slurps.be\/wp-content\/uploads\/2016\/01\/coeur.1.jpg\" alt=\"\" width=\"215\" height=\"172\"><\/p>\n<p class=\"has-normal-font-size\">&#8211; <strong>In Ixelles at BARNS BIO MARKET <a tabindex=\"0\" href=\"https:\/\/www.google.com\/url?sa=t&amp;rct=j&amp;q=&amp;esrc=s&amp;source=web&amp;cd=&amp;cad=rja&amp;uact=8&amp;ved=2ahUKEwiQ76uDmfODAxWz9gIHHX9qCtkQ4kB6BAhNEAM&amp;url=%2Fmaps%2Fplace%2F%2Fdata%3D!4m2!3m1!1s0x47c3c5f10db41073%3A0x589d097a7590fd91%3Fsa%3DX%26ved%3D2ahUKEwiQ76uDmfODAxWz9gIHHX9qCtkQ4kB6BAgPEAA&amp;usg=AOvVaw1SfmwjGCG4Ntf28FqH-X6U&amp;opi=89978449\" data-url=\"\/maps\/place\/\/data=!4m2!3m1!1s0x47c3c5f10db41073:0x589d097a7590fd91?sa=X&amp;ved=2ahUKEwiQ76uDmfODAxWz9gIHHX9qCtkQ4kB6BAgPEAA\" data-jsarwt=\"1\" data-usg=\"AOvVaw1SfmwjGCG4Ntf28FqH-X6U\" data-ved=\"2ahUKEwiQ76uDmfODAxWz9gIHHX9qCtkQ4kB6BAhNEAM\" data-ctbtn=\"2\" data-cthref=\"\/url?sa=t&amp;rct=j&amp;q=&amp;esrc=s&amp;source=web&amp;cd=&amp;cad=rja&amp;uact=8&amp;ved=2ahUKEwiQ76uDmfODAxWz9gIHHX9qCtkQ4kB6BAhNEAM&amp;url=%2Fmaps%2Fplace%2F%2Fdata%3D!4m2!3m1!1s0x47c3c5f10db41073%3A0x589d097a7590fd91%3Fsa%3DX%26ved%3D2ahUKEwiQ76uDmfODAxWz9gIHHX9qCtkQ4kB6BAgPEAA&amp;usg=AOvVaw1SfmwjGCG4Ntf28FqH-X6U&amp;opi=89978449\" data-jrwt=\"1\" target=\"_blank\" rel=\"noopener\">Rue de la Tulipe 22, 1050 Ixelles<\/a><\/strong> Dishes will be collected from <strong>12 noon to 2 p.m<\/strong>.<\/p>\n<p class=\"has-normal-font-size\" style=\"text-align: center;\"><strong>or<\/strong><\/p>\n<p class=\"has-normal-font-size\"><strong>A &#8211; Villers la Ville 1495<\/strong> rue de la jouerie Dishes will be collected from <strong>4.30 pm to 6 pm<\/strong> MAXIMUM<\/p>\n<p><strong>FOR SANITARY, COVID AND ECONOMICAL REASONS, WE KINDLY ASK YOU TO COLLECT YOUR ORDER AT ONE OF OUR COLLECTION POINTS. TO AVOID DELIVERIES.<\/strong><\/p>\n<p class=\"has-normal-font-size\">&#8211; Home deliveries, <strong>IF REALLY NECESSARY,<\/strong> <strong>19 \u20ac<\/strong> <strong>and + extra charge depending on distance<\/strong>,<strong>(taxi-colis<\/strong>) will be made from 2 pm. You will receive a call at the beginning of the day to confirm the time.<\/p>\n<h1 style=\"text-align: center;\">  \u00b0\u00b0\u00b0\u00b0\u00b0\u00b0\u00b0\u00b0\u00b0\u00b0\u00b0\u00b0\u00b0\u00b0\u00b0\u00b0\u00b0\u00b0\u00b0\u00b0\u00b0\u00b0<\/h1>\n<h3 style=\"text-align: center;\"><strong>  Practical info :<\/strong><\/h3>\n<p class=\"has-text-align-center has-custom-size\">All preparations are packaged and ready to reheat and serve on plates, with instructions for presentation and reheating times.<\/p>\n<p><img loading=\"lazy\" decoding=\"async\" class=\"aligncenter wp-image-3875\" src=\"https:\/\/www.slurps.be\/wp-content\/uploads\/2020\/12\/IMG-20191221-WA0003.jpg\" alt=\"\" width=\"479\" height=\"360\" srcset=\"https:\/\/www.slurps.be\/wp-content\/uploads\/2020\/12\/IMG-20191221-WA0003.jpg 930w, https:\/\/www.slurps.be\/wp-content\/uploads\/2020\/12\/IMG-20191221-WA0003-600x452.jpg 600w, https:\/\/www.slurps.be\/wp-content\/uploads\/2020\/12\/IMG-20191221-WA0003-250x188.jpg 250w, https:\/\/www.slurps.be\/wp-content\/uploads\/2020\/12\/IMG-20191221-WA0003-353x266.jpg 353w, https:\/\/www.slurps.be\/wp-content\/uploads\/2020\/12\/IMG-20191221-WA0003-500x376.jpg 500w, https:\/\/www.slurps.be\/wp-content\/uploads\/2020\/12\/IMG-20191221-WA0003-800x602.jpg 800w\" sizes=\"(max-width: 479px) 100vw, 479px\" \/><\/p>\n\t\t\t\t\t\t\t\t<\/div>\n\t\t\t\t<div class=\"elementor-element elementor-element-16b5f38 elementor-widget elementor-widget-text-editor\" data-id=\"16b5f38\" data-element_type=\"widget\" data-e-type=\"widget\" data-widget_type=\"text-editor.default\">\n\t\t\t\t\t\t\t\t\t<form action=\"http:\/\/www.slurps.be\/cgi-bin\/inscriabc.pl\" method=\"post\" name=\"monformulaireabc.html\">\n<h3 style=\"text-align: center;\"><span data-darkreader-inline-color=\"\"><strong>Please fill in all the fields below.<\/strong><\/span><\/h3>\n<\/form>\n<h5 style=\"text-align: center;\"><span style=\"color: #ff00ff;\"><strong>YOUR ORDER for this Wednesday, February 14<\/strong> <strong>2024<\/strong><\/span><\/h5>\n\t\t\t\t\t\t\t\t<\/div>\n\t\t\t\t<div class=\"elementor-element elementor-element-8e85f00 elementor-widget elementor-widget-wpforms\" data-id=\"8e85f00\" data-element_type=\"widget\" data-e-type=\"widget\" data-widget_type=\"wpforms.default\">\n\t\t\t\t<div class=\"elementor-widget-container\">\n\t\t\t\t\t<div class=\"wpforms-container wpforms-container-full\" id=\"wpforms-6831\"><form id=\"wpforms-form-6831\" class=\"wpforms-validate wpforms-form wpforms-ajax-form\" data-formid=\"6831\" method=\"post\" enctype=\"multipart\/form-data\" action=\"\/en\/wp-json\/wp\/v2\/pages\/9707\" data-token=\"3831822bfe0fc20ce63b8f5d4a36aeaf\" data-token-time=\"1777350623\"><noscript class=\"wpforms-error-noscript\">Please enable JavaScript in your browser to complete this form.<\/noscript><div class=\"wpforms-field-container\"><div id=\"wpforms-6831-field_0-container\" class=\"wpforms-field wpforms-field-name\" data-field-id=\"0\"><label class=\"wpforms-field-label\" for=\"wpforms-6831-field_0\">Name <span class=\"wpforms-required-label\">*<\/span><\/label><input type=\"text\" id=\"wpforms-6831-field_0\" class=\"wpforms-field-medium wpforms-field-required\" name=\"wpforms[fields][0]\" required><\/div><div id=\"wpforms-6831-field_1-container\" class=\"wpforms-field wpforms-field-email\" data-field-id=\"1\"><label class=\"wpforms-field-label\" for=\"wpforms-6831-field_1\">Email <span class=\"wpforms-required-label\">*<\/span><\/label><input type=\"email\" id=\"wpforms-6831-field_1\" class=\"wpforms-field-medium wpforms-field-required\" name=\"wpforms[fields][1]\" spellcheck=\"false\" required><\/div><div id=\"wpforms-6831-field_21-container\" class=\"wpforms-field wpforms-field-phone\" data-field-id=\"21\"><label class=\"wpforms-field-label\" for=\"wpforms-6831-field_21\">T\u00e9l\u00e9phone <span class=\"wpforms-required-label\">*<\/span><\/label><input type=\"tel\" id=\"wpforms-6831-field_21\" class=\"wpforms-field-medium wpforms-field-required\" data-rule-int-phone-field=\"true\" name=\"wpforms[fields][21]\" placeholder=\"+32\" aria-label=\"T\u00e9l\u00e9phone\" required><\/div><div id=\"wpforms-6831-field_23-container\" class=\"wpforms-field wpforms-field-text\" data-field-id=\"23\"><label class=\"wpforms-field-label\" for=\"wpforms-6831-field_23\">Votre Adresse<\/label><input type=\"text\" id=\"wpforms-6831-field_23\" class=\"wpforms-field-medium\" name=\"wpforms[fields][23]\" ><\/div><div id=\"wpforms-6831-field_24-container\" class=\"wpforms-field wpforms-field-radio\" data-field-id=\"24\"><label class=\"wpforms-field-label\">Ou viendrez vous retirez votre commande  retrait: <\/label><ul id=\"wpforms-6831-field_24\"><li class=\"choice-1 depth-1\"><input type=\"radio\" id=\"wpforms-6831-field_24_1\" name=\"wpforms[fields][24]\" value=\"Entr\u00e9e du magasin F\u00e4rm Rue Vanderkindere 14h \u00e0 15h.30\"  ><label class=\"wpforms-field-label-inline\" for=\"wpforms-6831-field_24_1\">Entr\u00e9e du magasin F\u00e4rm Rue Vanderkindere 14h \u00e0 15h.30<\/label><\/li><li class=\"choice-3 depth-1\"><input type=\"radio\" id=\"wpforms-6831-field_24_3\" name=\"wpforms[fields][24]\" value=\"Villers la Ville 1495 rue de la jouerie de 16h30 a 18 h\"  ><label class=\"wpforms-field-label-inline\" for=\"wpforms-6831-field_24_3\">Villers la Ville 1495 rue de la jouerie de 16h30 a 18 h<\/label><\/li><\/ul><\/div><div id=\"wpforms-6831-field_35-container\" class=\"wpforms-field wpforms-field-date-time\" data-field-id=\"35\"><label class=\"wpforms-field-label\" for=\"wpforms-6831-field_35\">Quelle Date avez vous choisis \/  le dimanche 15 f\u00e9vrier<\/label><div class=\"wpforms-datepicker-wrap\"><input type=\"text\" id=\"wpforms-6831-field_35\" class=\"wpforms-field-date-time-date wpforms-datepicker wpforms-field-medium\" data-date-format=\"m\/d\/Y\" data-disable-past-dates=\"0\" data-input=\"true\" name=\"wpforms[fields][35][date]\" ><a title=\"Clear Date\" data-clear role=\"button\" tabindex=\"0\" class=\"wpforms-datepicker-clear\" aria-label=\"Clear Date\" style=\"display:none;\"><\/a><\/div><\/div><div id=\"wpforms-6831-field_36-container\" class=\"wpforms-field wpforms-field-date-time\" data-field-id=\"36\"><label class=\"wpforms-field-label\" for=\"wpforms-6831-field_36\">Quelle Date avez vous choisis\/ le samedis 14 f\u00e9vrier<\/label><div class=\"wpforms-datepicker-wrap\"><input type=\"text\" id=\"wpforms-6831-field_36\" class=\"wpforms-field-date-time-date wpforms-datepicker wpforms-field-medium\" data-date-format=\"m\/d\/Y\" data-disable-past-dates=\"0\" data-input=\"true\" name=\"wpforms[fields][36][date]\" ><a title=\"Clear Date\" data-clear role=\"button\" tabindex=\"0\" class=\"wpforms-datepicker-clear\" aria-label=\"Clear Date\" style=\"display:none;\"><\/a><\/div><\/div><div id=\"wpforms-6831-field_28-container\" class=\"wpforms-field wpforms-field-text\" data-field-id=\"28\"><label class=\"wpforms-field-label\" for=\"wpforms-6831-field_28\">Combien de menu souhaitez vous? <span class=\"wpforms-required-label\">*<\/span><\/label><input type=\"text\" id=\"wpforms-6831-field_28\" class=\"wpforms-field-medium wpforms-field-required\" name=\"wpforms[fields][28]\" placeholder=\"...X\" required><div class=\"wpforms-field-description\">Indiquer ci dessus la quantit\u00e9 de MENU que vous souhaitez<\/div><\/div><div id=\"wpforms-6831-field_2-container\" class=\"wpforms-field wpforms-field-textarea\" data-field-id=\"2\"><label class=\"wpforms-field-label\" for=\"wpforms-6831-field_2\">Indiquer ici seulement si ...vous avez un commentaire ou exigence ou une demande sp\u00e9ciale.<\/label><textarea id=\"wpforms-6831-field_2\" class=\"wpforms-field-medium\" name=\"wpforms[fields][2]\" ><\/textarea><\/div><\/div><!-- .wpforms-field-container --><div class=\"wpforms-recaptcha-container wpforms-is-recaptcha wpforms-is-recaptcha-type-v2\" ><div class=\"g-recaptcha\" data-sitekey=\"6LcW8kAUAAAAAGXl4Bhz_m635qIFG88pGy2lKj_c\"><\/div><input type=\"text\" name=\"g-recaptcha-hidden\" class=\"wpforms-recaptcha-hidden\" style=\"position:absolute!important;clip:rect(0,0,0,0)!important;height:1px!important;width:1px!important;border:0!important;overflow:hidden!important;padding:0!important;margin:0!important;\" data-rule-recaptcha=\"1\"><\/div><div class=\"wpforms-submit-container\" ><input type=\"hidden\" name=\"wpforms[id]\" value=\"6831\"><input type=\"hidden\" name=\"page_title\" value=\"\"><input type=\"hidden\" name=\"page_url\" value=\"https:\/\/www.slurps.be\/en\/wp-json\/wp\/v2\/pages\/9707\"><input type=\"hidden\" name=\"url_referer\" value=\"\"><button type=\"submit\" name=\"wpforms[submit]\" id=\"wpforms-submit-6831\" class=\"wpforms-submit divwpforms-container-full wpforms-form buttontypesubmit  background-color 0073aa  Bleu WordPress Changez cette couleur au besoin  color ffffff Couleur du texte border none Pas de bordure padding 12px 25px Espace intrieur HautBas GaucheDroite font-size 16px Taille font-weight 600 Texte lgrement gras border-radius 5px Coins arrondis cursor pointer Curseur main survol transition background-color 03s ease Transition douce pour leffet width auto Ou 100 prendre toute la largeur \" data-alt-text=\"Votre commande est bien Envoyee...\" data-submit-text=\"- ENVOI -\" aria-live=\"assertive\" value=\"wpforms-submit\">- ENVOI -<\/button><img loading=\"lazy\" decoding=\"async\" src=\"https:\/\/www.slurps.be\/wp-content\/plugins\/wpforms\/assets\/images\/submit-spin.svg\" class=\"wpforms-submit-spinner\" style=\"display: none;\" width=\"26\" height=\"26\" alt=\"Loading\"><\/div><\/form><\/div>  <!-- .wpforms-container -->\t\t\t\t<\/div>\n\t\t\t\t<\/div>\n\t\t\t\t\t<\/div>\n\t\t<\/div>\n\t\t\t\t\t<\/div>\n\t\t<\/section>\n\t\t\t\t<section class=\"elementor-section elementor-top-section elementor-element elementor-element-991c420 elementor-section-boxed elementor-section-height-default elementor-section-height-default\" data-id=\"991c420\" data-element_type=\"section\" data-e-type=\"section\">\n\t\t\t\t\t\t<div class=\"elementor-container elementor-column-gap-default\">\n\t\t\t\t\t<div class=\"elementor-column elementor-col-100 elementor-top-column elementor-element elementor-element-1c69ed8\" data-id=\"1c69ed8\" data-element_type=\"column\" data-e-type=\"column\">\n\t\t\t<div class=\"elementor-widget-wrap elementor-element-populated\">\n\t\t\t\t\t\t<div class=\"elementor-element elementor-element-b7cc581 elementor-shape-rounded elementor-grid-0 e-grid-align-center elementor-widget elementor-widget-social-icons\" data-id=\"b7cc581\" data-element_type=\"widget\" data-e-type=\"widget\" data-widget_type=\"social-icons.default\">\n\t\t\t\t\t\t\t<div class=\"elementor-social-icons-wrapper elementor-grid\" role=\"list\">\n\t\t\t\t\t\t\t<span class=\"elementor-grid-item\" role=\"listitem\">\n\t\t\t\t\t<a class=\"elementor-icon elementor-social-icon elementor-social-icon-facebook elementor-repeater-item-55b8681\" target=\"_blank\">\n\t\t\t\t\t\t<span class=\"elementor-screen-only\">Facebook<\/span>\n\t\t\t\t\t\t<svg aria-hidden=\"true\" class=\"e-font-icon-svg e-fab-facebook\" viewBox=\"0 0 512 512\" xmlns=\"http:\/\/www.w3.org\/2000\/svg\"><path d=\"M504 256C504 119 393 8 256 8S8 119 8 256c0 123.78 90.69 226.38 209.25 245V327.69h-63V256h63v-54.64c0-62.15 37-96.48 93.67-96.48 27.14 0 55.52 4.84 55.52 4.84v61h-31.28c-30.8 0-40.41 19.12-40.41 38.73V256h68.78l-11 71.69h-57.78V501C413.31 482.38 504 379.78 504 256z\"><\/path><\/svg>\t\t\t\t\t<\/a>\n\t\t\t\t<\/span>\n\t\t\t\t\t\t\t<span class=\"elementor-grid-item\" role=\"listitem\">\n\t\t\t\t\t<a class=\"elementor-icon elementor-social-icon elementor-social-icon-twitter elementor-repeater-item-a44cdb4\" target=\"_blank\">\n\t\t\t\t\t\t<span class=\"elementor-screen-only\">Twitter<\/span>\n\t\t\t\t\t\t<svg aria-hidden=\"true\" class=\"e-font-icon-svg e-fab-twitter\" viewBox=\"0 0 512 512\" xmlns=\"http:\/\/www.w3.org\/2000\/svg\"><path d=\"M459.37 151.716c.325 4.548.325 9.097.325 13.645 0 138.72-105.583 298.558-298.558 298.558-59.452 0-114.68-17.219-161.137-47.106 8.447.974 16.568 1.299 25.34 1.299 49.055 0 94.213-16.568 130.274-44.832-46.132-.975-84.792-31.188-98.112-72.772 6.498.974 12.995 1.624 19.818 1.624 9.421 0 18.843-1.3 27.614-3.573-48.081-9.747-84.143-51.98-84.143-102.985v-1.299c13.969 7.797 30.214 12.67 47.431 13.319-28.264-18.843-46.781-51.005-46.781-87.391 0-19.492 5.197-37.36 14.294-52.954 51.655 63.675 129.3 105.258 216.365 109.807-1.624-7.797-2.599-15.918-2.599-24.04 0-57.828 46.782-104.934 104.934-104.934 30.213 0 57.502 12.67 76.67 33.137 23.715-4.548 46.456-13.32 66.599-25.34-7.798 24.366-24.366 44.833-46.132 57.827 21.117-2.273 41.584-8.122 60.426-16.243-14.292 20.791-32.161 39.308-52.628 54.253z\"><\/path><\/svg>\t\t\t\t\t<\/a>\n\t\t\t\t<\/span>\n\t\t\t\t\t\t\t<span class=\"elementor-grid-item\" role=\"listitem\">\n\t\t\t\t\t<a class=\"elementor-icon elementor-social-icon elementor-social-icon-youtube elementor-repeater-item-5740262\" target=\"_blank\">\n\t\t\t\t\t\t<span class=\"elementor-screen-only\">Youtube<\/span>\n\t\t\t\t\t\t<svg aria-hidden=\"true\" class=\"e-font-icon-svg e-fab-youtube\" viewBox=\"0 0 576 512\" xmlns=\"http:\/\/www.w3.org\/2000\/svg\"><path d=\"M549.655 124.083c-6.281-23.65-24.787-42.276-48.284-48.597C458.781 64 288 64 288 64S117.22 64 74.629 75.486c-23.497 6.322-42.003 24.947-48.284 48.597-11.412 42.867-11.412 132.305-11.412 132.305s0 89.438 11.412 132.305c6.281 23.65 24.787 41.5 48.284 47.821C117.22 448 288 448 288 448s170.78 0 213.371-11.486c23.497-6.321 42.003-24.171 48.284-47.821 11.412-42.867 11.412-132.305 11.412-132.305s0-89.438-11.412-132.305zm-317.51 213.508V175.185l142.739 81.205-142.739 81.201z\"><\/path><\/svg>\t\t\t\t\t<\/a>\n\t\t\t\t<\/span>\n\t\t\t\t\t<\/div>\n\t\t\t\t\t\t<\/div>\n\t\t\t\t\t<\/div>\n\t\t<\/div>\n\t\t\t\t\t<\/div>\n\t\t<\/section>\n\t\t\t\t<\/div>\n\t\t","protected":false},"excerpt":{"rendered":"<p>Ordering &#8211; Vegan Valentine&#8217;s Day menu &#8211; Please place your order preferablybefore noon on February 12, 2024 Surprise your loved one we&#8217;ve prepared a delicious Top Chef Vegan menu for you. takeaway for Wednesday February 14. Menu 49 \u20ac \/pers. Starter and Main Course and Dessert Valentine&#8217;s menu Entrance : Beluga lentil and seaweed caviar [&hellip;]<\/p>\n","protected":false},"author":1,"featured_media":0,"parent":0,"menu_order":0,"comment_status":"closed","ping_status":"closed","template":"","meta":{"site-sidebar-layout":"default","site-content-layout":"default","ast-site-content-layout":"default","site-content-style":"default","site-sidebar-style":"default","ast-global-header-display":"","ast-banner-title-visibility":"","ast-main-header-display":"","ast-hfb-above-header-display":"","ast-hfb-below-header-display":"","ast-hfb-mobile-header-display":"","site-post-title":"","ast-breadcrumbs-content":"","ast-featured-img":"","footer-sml-layout":"","ast-disable-related-posts":"","theme-transparent-header-meta":"default","adv-header-id-meta":"","stick-header-meta":"","header-above-stick-meta":"","header-main-stick-meta":"","header-below-stick-meta":"","astra-migrate-meta-layouts":"default","ast-page-background-enabled":"default","ast-page-background-meta":{"desktop":{"background-color":"","background-image":"","background-repeat":"repeat","background-position":"center center","background-size":"auto","background-attachment":"scroll","background-type":"","background-media":"","overlay-type":"","overlay-color":"","overlay-opacity":"","overlay-gradient":""},"tablet":{"background-color":"","background-image":"","background-repeat":"repeat","background-position":"center center","background-size":"auto","background-attachment":"scroll","background-type":"","background-media":"","overlay-type":"","overlay-color":"","overlay-opacity":"","overlay-gradient":""},"mobile":{"background-color":"","background-image":"","background-repeat":"repeat","background-position":"center center","background-size":"auto","background-attachment":"scroll","background-type":"","background-media":"","overlay-type":"","overlay-color":"","overlay-opacity":"","overlay-gradient":""}},"ast-content-background-meta":{"desktop":{"background-color":"var(--ast-global-color-5)","background-image":"","background-repeat":"repeat","background-position":"center center","background-size":"auto","background-attachment":"scroll","background-type":"","background-media":"","overlay-type":"","overlay-color":"","overlay-opacity":"","overlay-gradient":""},"tablet":{"background-color":"var(--ast-global-color-5)","background-image":"","background-repeat":"repeat","background-position":"center center","background-size":"auto","background-attachment":"scroll","background-type":"","background-media":"","overlay-type":"","overlay-color":"","overlay-opacity":"","overlay-gradient":""},"mobile":{"background-color":"var(--ast-global-color-5)","background-image":"","background-repeat":"repeat","background-position":"center center","background-size":"auto","background-attachment":"scroll","background-type":"","background-media":"","overlay-type":"","overlay-color":"","overlay-opacity":"","overlay-gradient":""}},"footnotes":""},"class_list":["post-9707","page","type-page","status-publish","hentry"],"_links":{"self":[{"href":"https:\/\/www.slurps.be\/en\/wp-json\/wp\/v2\/pages\/9707","targetHints":{"allow":["GET"]}}],"collection":[{"href":"https:\/\/www.slurps.be\/en\/wp-json\/wp\/v2\/pages"}],"about":[{"href":"https:\/\/www.slurps.be\/en\/wp-json\/wp\/v2\/types\/page"}],"author":[{"embeddable":true,"href":"https:\/\/www.slurps.be\/en\/wp-json\/wp\/v2\/users\/1"}],"replies":[{"embeddable":true,"href":"https:\/\/www.slurps.be\/en\/wp-json\/wp\/v2\/comments?post=9707"}],"version-history":[{"count":0,"href":"https:\/\/www.slurps.be\/en\/wp-json\/wp\/v2\/pages\/9707\/revisions"}],"wp:attachment":[{"href":"https:\/\/www.slurps.be\/en\/wp-json\/wp\/v2\/media?parent=9707"}],"curies":[{"name":"wp","href":"https:\/\/api.w.org\/{rel}","templated":true}]}}