{"id":9309,"date":"2022-10-01T15:17:06","date_gmt":"2022-10-01T14:17:06","guid":{"rendered":"https:\/\/www.slurps.be\/vegan-recept\/"},"modified":"2023-11-21T09:11:37","modified_gmt":"2023-11-21T08:11:37","slug":"vegan-recept","status":"publish","type":"page","link":"https:\/\/www.slurps.be\/nl\/vegan-recept\/","title":{"rendered":"Vegan recept"},"content":{"rendered":"\t\t<div data-elementor-type=\"wp-page\" data-elementor-id=\"9309\" class=\"elementor elementor-9309 elementor-7537\">\n\t\t\t\t\t\t<section class=\"elementor-section elementor-top-section elementor-element elementor-element-3e8ca63b elementor-section-boxed elementor-section-height-default elementor-section-height-default\" data-id=\"3e8ca63b\" data-element_type=\"section\" data-e-type=\"section\">\n\t\t\t\t\t\t<div class=\"elementor-container elementor-column-gap-default\">\n\t\t\t\t\t<div class=\"elementor-column elementor-col-100 elementor-top-column elementor-element elementor-element-50b5e3c2\" data-id=\"50b5e3c2\" data-element_type=\"column\" data-e-type=\"column\">\n\t\t\t<div class=\"elementor-widget-wrap elementor-element-populated\">\n\t\t\t\t\t\t<div class=\"elementor-element elementor-element-d3e780f elementor-widget__width-inherit elementor-widget elementor-widget-image\" data-id=\"d3e780f\" data-element_type=\"widget\" data-e-type=\"widget\" data-widget_type=\"image.default\">\n\t\t\t\t\t\t\t\t\t\t\t\t\t\t\t<img fetchpriority=\"high\" decoding=\"async\" width=\"1300\" height=\"901\" src=\"https:\/\/www.slurps.be\/wp-content\/uploads\/2022\/10\/vegan-travail-en-cuisine-3.jpg\" class=\"attachment-1536x1536 size-1536x1536 wp-image-7516\" alt=\"vegan-travail-en-cuisine\" srcset=\"https:\/\/www.slurps.be\/wp-content\/uploads\/2022\/10\/vegan-travail-en-cuisine-3.jpg 1300w, https:\/\/www.slurps.be\/wp-content\/uploads\/2022\/10\/vegan-travail-en-cuisine-3-250x173.jpg 250w, https:\/\/www.slurps.be\/wp-content\/uploads\/2022\/10\/vegan-travail-en-cuisine-3-353x245.jpg 353w, https:\/\/www.slurps.be\/wp-content\/uploads\/2022\/10\/vegan-travail-en-cuisine-3-600x416.jpg 600w\" sizes=\"(max-width: 1300px) 100vw, 1300px\" \/>\t\t\t\t\t\t\t\t\t\t\t\t\t\t\t<\/div>\n\t\t\t\t<div class=\"elementor-element elementor-element-785e734 elementor-button-info elementor-align-center elementor-widget elementor-widget-button\" data-id=\"785e734\" data-element_type=\"widget\" data-e-type=\"widget\" data-widget_type=\"button.default\">\n\t\t\t\t\t\t\t\t\t\t<a class=\"elementor-button elementor-button-link elementor-size-lg\" href=\"https:\/\/vegantraiteur.be\/vegan-recette-maison\/\" target=\"_blank\" rel=\"noopener\">\n\t\t\t\t\t\t<span class=\"elementor-button-content-wrapper\">\n\t\t\t\t\t\t\t\t\t<span class=\"elementor-button-text\">Ontdek onze veganistische recepten HIER ...\/...<\/span>\n\t\t\t\t\t<\/span>\n\t\t\t\t\t<\/a>\n\t\t\t\t\t\t\t\t<\/div>\n\t\t\t\t<div class=\"elementor-element elementor-element-71340527 elementor-widget elementor-widget-text-editor\" data-id=\"71340527\" data-element_type=\"widget\" data-e-type=\"widget\" data-widget_type=\"text-editor.default\">\n\t\t\t\t\t\t\t\t\t<!-- wp:uagb\/container <div class=\"wp-block-uagb-info-box uagb-block-d443c5f5 uagb-infobox__content-wrap uagb-infobox-icon-above-title uagb-infobox-image-valign-top\">\n<div class=\"uagb-ifb-content\">\n<div class=\"uagb-ifb-title-wrap\">\n<h1 class=\"uagb-ifb-title\">Realisez de d\u00e9licieuses recettes vegan, pour votre conjoint.e, amis, famille<\/h1>\n<\/div>\n<p>En cuisinant, je sais vraiment ce qui se passe dans une recette.<\/p>\n<p>Cela permet d'avoir un meilleur contr\u00f4le sur la qualit\u00e9, surtout pour cuisiner de fa\u00e7on v\u00e9g\u00e9tale, pas de cube bouillon de poule ou de b\u0153uf, pas de colorant de cochenille pas de g\u00e9latine d'os de cochon, pas d\u2019\u0153uf, ni de lait  etc..etc.<\/p>\n<p>Un mode de vie sain commence par une bonne alimentation - une alimentation v\u00e9g\u00e9talienne, vari\u00e9e et \u00e9quilibr\u00e9e - qui s'interdit les plats pr\u00e9par\u00e9s industriels. Ceux-ci sont nocifs pour notre sant\u00e9. C'est trop sal\u00e9, trop gras et plein d'additifs ce n'est pas vraiment sain !<\/p>\n<p><strong>vous d\u00e9sirez inviter,... Amis, famille ou coll\u00e8gues sans vous prendre la t\u00eate, alors passer votre commande chez un traiteur artisanal  voir sur notre site ici <img decoding=\"async\" class=\"alignnone wp-image-7382\" src=\"https:\/\/www.slurps.be\/wp-content\/uploads\/2022\/09\/cliquez.jpg\" alt=\"\" width=\"25\" height=\"35\" \/> <a href=\"https:\/\/www.slurps.be\/menu-vegan-a-domicile\/\">..\/..<\/a> de d\u00e9licieuses pr\u00e9parations.<\/strong><br \/>Le fait maison nous permet de prendre le contr\u00f4le de la situation et de cr\u00e9er nous-m\u00eame des recettes \u00e9quilibr\u00e9es et v\u00e9g\u00e9taliennes. Pas besoin d'\u00eatre un.e grand.e cordon bleu ou de faire de la haute cuisine. Il suffit d'avoir une bonne recette bien expliqu\u00e9e, du temps et bien sur un choix de l\u00e9gumes et fruits de saison frais et ou surgel\u00e9s a sa disposition pour composer de bon menu pour ses amis , son conjoint.e ou la famille,<\/p>\n<p>Oui \u00e7a peux le faire.<\/p>\n<\/div>\n<\/div>\n<\/div>\n<\/div>\n<\/div>\n\t\t\t\t\t\t\t\t<\/div>\n\t\t\t\t<div class=\"elementor-element elementor-element-a1e2a29 elementor-widget elementor-widget-text-editor\" data-id=\"a1e2a29\" data-element_type=\"widget\" data-e-type=\"widget\" data-widget_type=\"text-editor.default\">\n\t\t\t\t\t\t\t\t\t<p>Als ik kook, weet ik echt wat er in een recept zit.<\/p>\n<p>Dit geeft ons meer controle over de kwaliteit, vooral als het gaat om plantaardig koken: geen bouillonblokjes van kip of rund, geen cochenillekleurstof, geen gelatine van varkensbeenderen, enz. enz.<\/p>\n<p>Een gezonde levensstijl begint met een goed dieet &#8211; een gevarieerd, evenwichtig veganistisch dieet &#8211; dat industrieel bereide maaltijden vermijdt. Deze zijn schadelijk voor onze gezondheid. Het is te zout, te vet en zit vol toevoegingen, dus het is niet echt gezond!<\/p>\n<p>Met zelfgemaakt voedsel kunnen we de situatie onder controle houden en zelf evenwichtige, veganistische recepten maken. Je hoeft geen cordon bleu chef of meesterkok te zijn. Alles wat je nodig hebt is een goed, goed uitgelegd recept, wat tijd en natuurlijk een keuze uit verse of diepvriesgroenten en seizoensfruit om een smakelijk menu samen te stellen voor je vrienden, partner of familie. Ja, het kan&#8230;.<\/p>\n<p><strong>Je hebt geen tijd om te koken, dus bestel bij ons.<\/strong><a href=\"https:\/\/www.slurps.be\/menu-vegan-a-domicile\/\"><strong><img decoding=\"async\" class=\"alignnone wp-image-7382\" src=\"https:\/\/www.slurps.be\/wp-content\/uploads\/2022\/09\/cliquez.jpg\" alt=\"\" width=\"31\" height=\"44\"><\/strong><\/a><\/p>\t\t\t\t\t\t\t\t<\/div>\n\t\t\t\t<div class=\"elementor-element elementor-element-6f64b5b elementor-button-info elementor-align-center elementor-widget elementor-widget-button\" data-id=\"6f64b5b\" data-element_type=\"widget\" data-e-type=\"widget\" data-widget_type=\"button.default\">\n\t\t\t\t\t\t\t\t\t\t<a class=\"elementor-button elementor-button-link elementor-size-lg\" href=\"https:\/\/vegantraiteur.be\/vegan-recette-maison\/\" target=\"_blank\" rel=\"noopener\">\n\t\t\t\t\t\t<span class=\"elementor-button-content-wrapper\">\n\t\t\t\t\t\t\t\t\t<span class=\"elementor-button-text\">Ontdek onze veganistische recepten HIER ...\/...<\/span>\n\t\t\t\t\t<\/span>\n\t\t\t\t\t<\/a>\n\t\t\t\t\t\t\t\t<\/div>\n\t\t\t\t\t<\/div>\n\t\t<\/div>\n\t\t\t\t\t<\/div>\n\t\t<\/section>\n\t\t\t\t<\/div>\n\t\t","protected":false},"excerpt":{"rendered":"<p>Ontdek onze veganistische recepten HIER &#8230;\/&#8230;<\/p>\n","protected":false},"author":1,"featured_media":0,"parent":0,"menu_order":0,"comment_status":"closed","ping_status":"closed","template":"","meta":{"site-sidebar-layout":"default","site-content-layout":"","ast-site-content-layout":"default","site-content-style":"default","site-sidebar-style":"default","ast-global-header-display":"","ast-banner-title-visibility":"","ast-main-header-display":"","ast-hfb-above-header-display":"","ast-hfb-below-header-display":"","ast-hfb-mobile-header-display":"","site-post-title":"","ast-breadcrumbs-content":"","ast-featured-img":"","footer-sml-layout":"","ast-disable-related-posts":"","theme-transparent-header-meta":"","adv-header-id-meta":"","stick-header-meta":"","header-above-stick-meta":"","header-main-stick-meta":"","header-below-stick-meta":"","astra-migrate-meta-layouts":"default","ast-page-background-enabled":"default","ast-page-background-meta":{"desktop":{"background-color":"","background-image":"","background-repeat":"repeat","background-position":"center center","background-size":"auto","background-attachment":"scroll","background-type":"","background-media":"","overlay-type":"","overlay-color":"","overlay-opacity":"","overlay-gradient":""},"tablet":{"background-color":"","background-image":"","background-repeat":"repeat","background-position":"center center","background-size":"auto","background-attachment":"scroll","background-type":"","background-media":"","overlay-type":"","overlay-color":"","overlay-opacity":"","overlay-gradient":""},"mobile":{"background-color":"","background-image":"","background-repeat":"repeat","background-position":"center center","background-size":"auto","background-attachment":"scroll","background-type":"","background-media":"","overlay-type":"","overlay-color":"","overlay-opacity":"","overlay-gradient":""}},"ast-content-background-meta":{"desktop":{"background-color":"var(--ast-global-color-5)","background-image":"","background-repeat":"repeat","background-position":"center center","background-size":"auto","background-attachment":"scroll","background-type":"","background-media":"","overlay-type":"","overlay-color":"","overlay-opacity":"","overlay-gradient":""},"tablet":{"background-color":"var(--ast-global-color-5)","background-image":"","background-repeat":"repeat","background-position":"center center","background-size":"auto","background-attachment":"scroll","background-type":"","background-media":"","overlay-type":"","overlay-color":"","overlay-opacity":"","overlay-gradient":""},"mobile":{"background-color":"var(--ast-global-color-5)","background-image":"","background-repeat":"repeat","background-position":"center center","background-size":"auto","background-attachment":"scroll","background-type":"","background-media":"","overlay-type":"","overlay-color":"","overlay-opacity":"","overlay-gradient":""}},"footnotes":""},"class_list":["post-9309","page","type-page","status-publish","hentry"],"_links":{"self":[{"href":"https:\/\/www.slurps.be\/nl\/wp-json\/wp\/v2\/pages\/9309","targetHints":{"allow":["GET"]}}],"collection":[{"href":"https:\/\/www.slurps.be\/nl\/wp-json\/wp\/v2\/pages"}],"about":[{"href":"https:\/\/www.slurps.be\/nl\/wp-json\/wp\/v2\/types\/page"}],"author":[{"embeddable":true,"href":"https:\/\/www.slurps.be\/nl\/wp-json\/wp\/v2\/users\/1"}],"replies":[{"embeddable":true,"href":"https:\/\/www.slurps.be\/nl\/wp-json\/wp\/v2\/comments?post=9309"}],"version-history":[{"count":0,"href":"https:\/\/www.slurps.be\/nl\/wp-json\/wp\/v2\/pages\/9309\/revisions"}],"wp:attachment":[{"href":"https:\/\/www.slurps.be\/nl\/wp-json\/wp\/v2\/media?parent=9309"}],"curies":[{"name":"wp","href":"https:\/\/api.w.org\/{rel}","templated":true}]}}